{"id":9268,"date":"2026-01-14T21:29:37","date_gmt":"2026-01-14T21:29:37","guid":{"rendered":"https:\/\/shop.petercafesport.com\/?post_type=product&#038;p=9268"},"modified":"2026-04-03T11:11:37","modified_gmt":"2026-04-03T11:11:37","slug":"t-shirt-bordada-frente-verso-azul-verde","status":"publish","type":"product","link":"https:\/\/shop.petercafesport.com\/en\/product\/t-shirt-bordada-frente-verso-azul-verde\/","title":{"rendered":"T-Shirt Bordada Frente &#038; Verso Verde"},"content":{"rendered":"<p style=\"text-align: center;\"><strong>T-Shirt Bordada Frente e Verso \/ U<b>nissexo<\/b><\/strong><\/p>\n<p style=\"text-align: center;\"><strong>\u00a0Embroidered T-Shirt Front and Back \/ Unisex<\/strong><\/p>\n","protected":false},"excerpt":{"rendered":"<p>Para mais informa\u00e7\u00f5es sobre o artigo (tamanhos, cores, disponibilidade, etc), por favor contacte-nos atrav\u00e9s do e-mail: info@petercafesport.com. Obrigado e bons ventos!<\/p>\n<p>&nbsp;<\/p>\n<p>For more information about the item (sizes, colors, availability, etc), please contact us at info@petercafesport.com. Thank you very much and fair winds!<\/p>\n","protected":false},"featured_media":9166,"template":"","meta":{"_acf_changed":false,"_themeisle_gutenberg_block_has_review":false},"product_brand":[],"product_cat":[122,77,80,88],"product_tag":[453,470,287],"class_list":{"0":"post-9268","1":"product","2":"type-product","3":"status-publish","4":"has-post-thumbnail","6":"product_cat-t-shirts-mulher","7":"product_cat-vestuario","8":"product_cat-homem","9":"product_cat-t-shirts","10":"product_tag-embroidered","11":"product_tag-hoodie","12":"product_tag-peter","14":"first","15":"instock","16":"taxable","17":"shipping-taxable","18":"purchasable","19":"product-type-variable"},"acf":[],"yoast_head":"<!-- This site is optimized with the Yoast SEO plugin v26.5 - https:\/\/yoast.com\/wordpress\/plugins\/seo\/ -->\n<title>T-Shirt Bordada Frente &amp; Verso Verde | Loja | Peter Cafe Sport<\/title>\n<meta name=\"robots\" content=\"index, follow, max-snippet:-1, max-image-preview:large, max-video-preview:-1\" \/>\n<link rel=\"canonical\" href=\"https:\/\/shop.petercafesport.com\/produto\/t-shirt-bordada-frente-verso-azul-verde\/\" \/>\n<meta property=\"og:locale\" content=\"en_US\" \/>\n<meta property=\"og:type\" content=\"article\" \/>\n<meta property=\"og:title\" content=\"T-Shirt Bordada Frente &amp; Verso Verde | Loja | Peter Cafe Sport\" \/>\n<meta property=\"og:description\" content=\"Para mais informa\u00e7\u00f5es sobre o artigo (tamanhos, cores, disponibilidade, etc), por favor contacte-nos atrav\u00e9s do e-mail: info@petercafesport.com. Obrigado e bons ventos!  &nbsp;  For more information about the item (sizes, colors, availability, etc), please contact us at info@petercafesport.com. Thank you very much and fair winds!\" \/>\n<meta property=\"og:url\" content=\"https:\/\/shop.petercafesport.com\/produto\/t-shirt-bordada-frente-verso-azul-verde\/\" \/>\n<meta property=\"og:site_name\" content=\"Peter Caf\u00e9 Sport Loja\" \/>\n<meta property=\"article:publisher\" content=\"https:\/\/www.facebook.com\/petercafesport\/\" \/>\n<meta property=\"article:modified_time\" content=\"2026-04-03T11:11:37+00:00\" \/>\n<meta property=\"og:image\" content=\"https:\/\/shop.petercafesport.com\/wp-content\/uploads\/2022\/02\/1-9-724x1024.png\" \/>\n\t<meta property=\"og:image:width\" content=\"724\" \/>\n\t<meta property=\"og:image:height\" content=\"1024\" \/>\n\t<meta property=\"og:image:type\" content=\"image\/png\" \/>\n<meta name=\"twitter:card\" content=\"summary_large_image\" \/>\n<meta name=\"twitter:label1\" content=\"Est. reading time\" \/>\n\t<meta name=\"twitter:data1\" content=\"1 minute\" \/>\n<script type=\"application\/ld+json\" class=\"yoast-schema-graph\">{\"@context\":\"https:\/\/schema.org\",\"@graph\":[{\"@type\":\"WebPage\",\"@id\":\"https:\/\/shop.petercafesport.com\/produto\/t-shirt-bordada-frente-verso-azul-verde\/\",\"url\":\"https:\/\/shop.petercafesport.com\/produto\/t-shirt-bordada-frente-verso-azul-verde\/\",\"name\":\"T-Shirt Bordada Frente & Verso Verde | Loja | Peter Cafe Sport\",\"isPartOf\":{\"@id\":\"https:\/\/shop.petercafesport.com\/#website\"},\"primaryImageOfPage\":{\"@id\":\"https:\/\/shop.petercafesport.com\/produto\/t-shirt-bordada-frente-verso-azul-verde\/#primaryimage\"},\"image\":{\"@id\":\"https:\/\/shop.petercafesport.com\/produto\/t-shirt-bordada-frente-verso-azul-verde\/#primaryimage\"},\"thumbnailUrl\":\"https:\/\/shop.petercafesport.com\/wp-content\/uploads\/2022\/02\/1-9.png\",\"datePublished\":\"2026-01-14T21:29:37+00:00\",\"dateModified\":\"2026-04-03T11:11:37+00:00\",\"breadcrumb\":{\"@id\":\"https:\/\/shop.petercafesport.com\/produto\/t-shirt-bordada-frente-verso-azul-verde\/#breadcrumb\"},\"inLanguage\":\"en-US\",\"potentialAction\":[{\"@type\":\"ReadAction\",\"target\":[\"https:\/\/shop.petercafesport.com\/produto\/t-shirt-bordada-frente-verso-azul-verde\/\"]}]},{\"@type\":\"ImageObject\",\"inLanguage\":\"en-US\",\"@id\":\"https:\/\/shop.petercafesport.com\/produto\/t-shirt-bordada-frente-verso-azul-verde\/#primaryimage\",\"url\":\"https:\/\/shop.petercafesport.com\/wp-content\/uploads\/2022\/02\/1-9.png\",\"contentUrl\":\"https:\/\/shop.petercafesport.com\/wp-content\/uploads\/2022\/02\/1-9.png\",\"width\":1414,\"height\":2000},{\"@type\":\"BreadcrumbList\",\"@id\":\"https:\/\/shop.petercafesport.com\/produto\/t-shirt-bordada-frente-verso-azul-verde\/#breadcrumb\",\"itemListElement\":[{\"@type\":\"ListItem\",\"position\":1,\"name\":\"Shop\",\"item\":\"https:\/\/shop.petercafesport.com\/en\/\"},{\"@type\":\"ListItem\",\"position\":2,\"name\":\"T-Shirt Bordada Frente &#038; Verso Verde\"}]},{\"@type\":\"WebSite\",\"@id\":\"https:\/\/shop.petercafesport.com\/#website\",\"url\":\"https:\/\/shop.petercafesport.com\/\",\"name\":\"Peter Caf\u00e9 Sport Loja\",\"description\":\"Produtos do Peter Cafe Sport\",\"publisher\":{\"@id\":\"https:\/\/shop.petercafesport.com\/#organization\"},\"potentialAction\":[{\"@type\":\"SearchAction\",\"target\":{\"@type\":\"EntryPoint\",\"urlTemplate\":\"https:\/\/shop.petercafesport.com\/?s={search_term_string}\"},\"query-input\":{\"@type\":\"PropertyValueSpecification\",\"valueRequired\":true,\"valueName\":\"search_term_string\"}}],\"inLanguage\":\"en-US\"},{\"@type\":\"Organization\",\"@id\":\"https:\/\/shop.petercafesport.com\/#organization\",\"name\":\"Peter Cafe Sport\",\"url\":\"https:\/\/shop.petercafesport.com\/\",\"logo\":{\"@type\":\"ImageObject\",\"inLanguage\":\"en-US\",\"@id\":\"https:\/\/shop.petercafesport.com\/#\/schema\/logo\/image\/\",\"url\":\"https:\/\/shop.petercafesport.com\/wp-content\/uploads\/2020\/04\/peter-cafe-sport-porto-3.jpg\",\"contentUrl\":\"https:\/\/shop.petercafesport.com\/wp-content\/uploads\/2020\/04\/peter-cafe-sport-porto-3.jpg\",\"width\":765,\"height\":669,\"caption\":\"Peter Cafe Sport\"},\"image\":{\"@id\":\"https:\/\/shop.petercafesport.com\/#\/schema\/logo\/image\/\"},\"sameAs\":[\"https:\/\/www.facebook.com\/petercafesport\/\",\"https:\/\/www.instagram.com\/petercafesport\/\"]}]}<\/script>\n<!-- \/ Yoast SEO plugin. -->","yoast_head_json":{"title":"T-Shirt Bordada Frente & Verso Verde | Loja | Peter Cafe Sport","robots":{"index":"index","follow":"follow","max-snippet":"max-snippet:-1","max-image-preview":"max-image-preview:large","max-video-preview":"max-video-preview:-1"},"canonical":"https:\/\/shop.petercafesport.com\/produto\/t-shirt-bordada-frente-verso-azul-verde\/","og_locale":"en_US","og_type":"article","og_title":"T-Shirt Bordada Frente & Verso Verde | Loja | Peter Cafe Sport","og_description":"Para mais informa\u00e7\u00f5es sobre o artigo (tamanhos, cores, disponibilidade, etc), por favor contacte-nos atrav\u00e9s do e-mail: info@petercafesport.com. Obrigado e bons ventos!  &nbsp;  For more information about the item (sizes, colors, availability, etc), please contact us at info@petercafesport.com. Thank you very much and fair winds!","og_url":"https:\/\/shop.petercafesport.com\/produto\/t-shirt-bordada-frente-verso-azul-verde\/","og_site_name":"Peter Caf\u00e9 Sport Loja","article_publisher":"https:\/\/www.facebook.com\/petercafesport\/","article_modified_time":"2026-04-03T11:11:37+00:00","og_image":[{"width":724,"height":1024,"url":"https:\/\/shop.petercafesport.com\/wp-content\/uploads\/2022\/02\/1-9-724x1024.png","type":"image\/png"}],"twitter_card":"summary_large_image","twitter_misc":{"Est. reading time":"1 minute"},"schema":{"@context":"https:\/\/schema.org","@graph":[{"@type":"WebPage","@id":"https:\/\/shop.petercafesport.com\/produto\/t-shirt-bordada-frente-verso-azul-verde\/","url":"https:\/\/shop.petercafesport.com\/produto\/t-shirt-bordada-frente-verso-azul-verde\/","name":"T-Shirt Bordada Frente & Verso Verde | Loja | Peter Cafe Sport","isPartOf":{"@id":"https:\/\/shop.petercafesport.com\/#website"},"primaryImageOfPage":{"@id":"https:\/\/shop.petercafesport.com\/produto\/t-shirt-bordada-frente-verso-azul-verde\/#primaryimage"},"image":{"@id":"https:\/\/shop.petercafesport.com\/produto\/t-shirt-bordada-frente-verso-azul-verde\/#primaryimage"},"thumbnailUrl":"https:\/\/shop.petercafesport.com\/wp-content\/uploads\/2022\/02\/1-9.png","datePublished":"2026-01-14T21:29:37+00:00","dateModified":"2026-04-03T11:11:37+00:00","breadcrumb":{"@id":"https:\/\/shop.petercafesport.com\/produto\/t-shirt-bordada-frente-verso-azul-verde\/#breadcrumb"},"inLanguage":"en-US","potentialAction":[{"@type":"ReadAction","target":["https:\/\/shop.petercafesport.com\/produto\/t-shirt-bordada-frente-verso-azul-verde\/"]}]},{"@type":"ImageObject","inLanguage":"en-US","@id":"https:\/\/shop.petercafesport.com\/produto\/t-shirt-bordada-frente-verso-azul-verde\/#primaryimage","url":"https:\/\/shop.petercafesport.com\/wp-content\/uploads\/2022\/02\/1-9.png","contentUrl":"https:\/\/shop.petercafesport.com\/wp-content\/uploads\/2022\/02\/1-9.png","width":1414,"height":2000},{"@type":"BreadcrumbList","@id":"https:\/\/shop.petercafesport.com\/produto\/t-shirt-bordada-frente-verso-azul-verde\/#breadcrumb","itemListElement":[{"@type":"ListItem","position":1,"name":"Shop","item":"https:\/\/shop.petercafesport.com\/en\/"},{"@type":"ListItem","position":2,"name":"T-Shirt Bordada Frente &#038; Verso Verde"}]},{"@type":"WebSite","@id":"https:\/\/shop.petercafesport.com\/#website","url":"https:\/\/shop.petercafesport.com\/","name":"Peter Caf\u00e9 Sport Loja","description":"Produtos do Peter Cafe Sport","publisher":{"@id":"https:\/\/shop.petercafesport.com\/#organization"},"potentialAction":[{"@type":"SearchAction","target":{"@type":"EntryPoint","urlTemplate":"https:\/\/shop.petercafesport.com\/?s={search_term_string}"},"query-input":{"@type":"PropertyValueSpecification","valueRequired":true,"valueName":"search_term_string"}}],"inLanguage":"en-US"},{"@type":"Organization","@id":"https:\/\/shop.petercafesport.com\/#organization","name":"Peter Cafe Sport","url":"https:\/\/shop.petercafesport.com\/","logo":{"@type":"ImageObject","inLanguage":"en-US","@id":"https:\/\/shop.petercafesport.com\/#\/schema\/logo\/image\/","url":"https:\/\/shop.petercafesport.com\/wp-content\/uploads\/2020\/04\/peter-cafe-sport-porto-3.jpg","contentUrl":"https:\/\/shop.petercafesport.com\/wp-content\/uploads\/2020\/04\/peter-cafe-sport-porto-3.jpg","width":765,"height":669,"caption":"Peter Cafe Sport"},"image":{"@id":"https:\/\/shop.petercafesport.com\/#\/schema\/logo\/image\/"},"sameAs":["https:\/\/www.facebook.com\/petercafesport\/","https:\/\/www.instagram.com\/petercafesport\/"]}]}},"_links":{"self":[{"href":"https:\/\/shop.petercafesport.com\/en\/wp-json\/wp\/v2\/product\/9268","targetHints":{"allow":["GET"]}}],"collection":[{"href":"https:\/\/shop.petercafesport.com\/en\/wp-json\/wp\/v2\/product"}],"about":[{"href":"https:\/\/shop.petercafesport.com\/en\/wp-json\/wp\/v2\/types\/product"}],"wp:featuredmedia":[{"embeddable":true,"href":"https:\/\/shop.petercafesport.com\/en\/wp-json\/wp\/v2\/media\/9166"}],"wp:attachment":[{"href":"https:\/\/shop.petercafesport.com\/en\/wp-json\/wp\/v2\/media?parent=9268"}],"wp:term":[{"taxonomy":"product_brand","embeddable":true,"href":"https:\/\/shop.petercafesport.com\/en\/wp-json\/wp\/v2\/product_brand?post=9268"},{"taxonomy":"product_cat","embeddable":true,"href":"https:\/\/shop.petercafesport.com\/en\/wp-json\/wp\/v2\/product_cat?post=9268"},{"taxonomy":"product_tag","embeddable":true,"href":"https:\/\/shop.petercafesport.com\/en\/wp-json\/wp\/v2\/product_tag?post=9268"}],"curies":[{"name":"wp","href":"https:\/\/api.w.org\/{rel}","templated":true}]}}