{"id":5517,"date":"2022-02-09T16:10:25","date_gmt":"2022-02-09T16:10:25","guid":{"rendered":"https:\/\/shop.petercafesport.com\/?post_type=product&#038;p=5517"},"modified":"2026-04-27T17:27:49","modified_gmt":"2026-04-27T17:27:49","slug":"gorro-la-resistance","status":"publish","type":"product","link":"https:\/\/shop.petercafesport.com\/en\/product\/gorro-la-resistance\/","title":{"rendered":"Gorro\/Beanie &#8220;La R\u00e9sistance&#8221;"},"content":{"rendered":"<p style=\"margin: 0in; font-family: Arial; font-size: 12pt;\"><strong>La R\u00e9sistance<\/strong><\/p>\n<p>&nbsp;<\/p>\n<p style=\"margin: 0in; font-family: Arial; font-size: 12.0pt;\">Quando o mundo fechou em Mar\u00e7o de 2020, deixou \u201cfora da porta\u201d, todos aqueles que se aventuravam no Atl\u00e2ntico.<\/p>\n<p style=\"margin: 0in; font-family: Arial; font-size: 12.0pt;\">Muitos dos portos fecharam e n\u00e3o permitiam que ningu\u00e9m entrasse para se abrigar da tempestade da covid-19.<\/p>\n<p style=\"margin: 0in; font-family: Arial; font-size: 12.0pt;\">Para o Peter Caf\u00e9 Sport, ajudar os \u201caventureiros\u201d n\u00e3o era novidade. Foi um dos alicerces essenciais para a constru\u00e7\u00e3o da marca que \u00e9 hoje.<\/p>\n<p style=\"margin: 0in; font-family: Arial; font-size: 12.0pt;\">Assim, quando se deu o confinamento em Mar\u00e7o, os navios come\u00e7aram a n\u00e3o ter a oportunidade de entrar para se abastecer e a partir da\u00ed nasceu o movimento, que ao longo dos meses seguintes ajudaria centenas de barcos na mesmo situa\u00e7\u00e3o.<\/p>\n<p style=\"margin: 0in; font-family: Arial; font-size: 12.0pt;\">O processo tornou-se bastante simples, ao chegarem ao porto da Horta, os barcos eram inicialmente contactados pelas autoridades locais, onde recebiam uma lista de contactos \u00fateis em terra, que os podiam ajudar no mar. Nesta lista constava o n\u00famero de telefone do caf\u00e9.<\/p>\n<p style=\"margin: 0in; font-family: Arial; font-size: 12.0pt;\">Jos\u00e9 Henrique Azevedo, Pedro Azevedo, Duarte Pinto e Filipe Goulart foram os impulsionadores do servi\u00e7o a quem os Franceses apelidaram de \u201cLa R\u00e9sistance\u201d.<\/p>\n<p style=\"margin: 0in; font-family: Arial; font-size: 12.0pt;\">A resist\u00eancia atl\u00e2ntica que todos os dias prestou servi\u00e7os de entregas dos mais diversos itens.<\/p>\n<p style=\"margin: 0in; font-family: Arial; font-size: 12.0pt;\">No dia da visita do primeiro barco, haviam regras de prote\u00e7\u00e3o pessoal a serem cumpridas, e essas regras ditavam a prote\u00e7\u00e3o total do corpo, que inclu\u00eda o cabelo.<\/p>\n<p style=\"margin: 0in; font-family: Arial; font-size: 12.0pt;\">Foi a\u00ed que se decidiu a utiliza\u00e7\u00e3o do famoso gorro.<\/p>\n<p style=\"margin: 0in; font-family: Arial; font-size: 12.0pt;\">O gorro inspirado num farol, tornou-se o s\u00edmbolo deste movimento.<\/p>\n<p style=\"margin: 0in; font-family: Arial; font-size: 12.0pt;\">Em cinco meses de opera\u00e7\u00e3o, h\u00e1 um mar aberto de hist\u00f3rias. Foram cerca de 800 os barcos a quem a equipa do Peter estendeu a m\u00e3o. Num dos dias, cerca de 100 embarca\u00e7\u00f5es combinaram um apito que ecoou na cidade inteira, em homenagem \u00e0 \u201cLa R\u00e9sistance\u201d.<\/p>\n<p style=\"margin: 0in; font-family: Arial; font-size: 12.0pt;\">Foram muitas as homenagens prestadas ao servi\u00e7o realizado por os \u201cyellow angels\u201d, e ao staff do Peter Caf\u00e9 Sport que acabou por se juntar quando a demanda do servi\u00e7o se tornou demasiada para apenas quatro pessoas.<\/p>\n<p>&nbsp;<\/p>\n<hr \/>\n<p lang=\"en-US\" style=\"margin: 0in; font-family: Arial; font-size: 12pt;\"><strong>La R\u00e9sistance<\/strong><\/p>\n<p lang=\"en-US\" style=\"margin: 0in; font-family: Arial; font-size: 12.0pt;\">When the world shut down in March of 2020, it left &#8220;out the door&#8221;, all those who ventured into the Atlantic.<\/p>\n<p lang=\"en-US\" style=\"margin: 0in; font-family: Arial; font-size: 12.0pt;\">Many of the harbors closed and did not allow anyone to enter to shelter from the covid-19 storm.<\/p>\n<p lang=\"en-US\" style=\"margin: 0in; font-family: Arial; font-size: 12.0pt;\">For Peter Caf\u00e9 Sport, helping the &#8220;adventurers&#8221; was nothing new. It was one of the essential foundations for building the brand it is today.<\/p>\n<p lang=\"en-US\" style=\"margin: 0in; font-family: Arial; font-size: 12.0pt;\">So when the confinement took place in March, the ships started to not have the opportunity to get in to refuel, and from there the movement was born, which over the following months would help hundreds of boats in the same situation.<\/p>\n<p lang=\"en-US\" style=\"margin: 0in; font-family: Arial; font-size: 12.0pt;\">The process became quite simple, when arriving at the port of Horta, the boats were initially contacted by the local authorities, where they received a list of useful contacts on land, who could help them at sea. In this list was the telephone number of the caf\u00e9.<\/p>\n<p lang=\"en-US\" style=\"margin: 0in; font-family: Arial; font-size: 12.0pt;\">Jos\u00e9 Henrique Azevedo, Pedro Azevedo, Duarte Pinto, and Filipe Goulart were the promoters of this service that the French called &#8220;La R\u00e9sistance&#8221;.<\/p>\n<p lang=\"en-US\" style=\"margin: 0in; font-family: Arial; font-size: 12.0pt;\">The Atlantic resistance that every day provided delivery services of the most diverse items.<\/p>\n<p lang=\"en-US\" style=\"margin: 0in; font-family: Arial; font-size: 12.0pt;\">On the day of the visit of the first boat, there were rules to be followed for personal protection, the rules included total body protection, and this involved hair.<\/p>\n<p lang=\"en-US\" style=\"margin: 0in; font-family: Arial; font-size: 12.0pt;\">This is when the decision was made to use the famous beanie<\/p>\n<p lang=\"en-US\" style=\"margin: 0in; font-family: Arial; font-size: 12.0pt;\">The beanie, inspired by a lighthouse, became the symbol of this movement.<\/p>\n<p lang=\"en-US\" style=\"margin: 0in; font-family: Arial; font-size: 12.0pt;\">In five months of operation, there is an open sea of stories. There were about 800 boats that Peter&#8217;s team reached out to. On one day, about 100 boats combined to blow a whistle that echoed throughout the city, in honor of &#8220;La R\u00e9sistance&#8221;.<\/p>\n<p lang=\"en-US\" style=\"margin: 0in; font-family: Arial; font-size: 12.0pt;\">There were many tributes paid to the service performed by the &#8220;yellow angels&#8221;, and to the staff of Peter Caf\u00e9 Sport who eventually joined in when the demand for service became too much for just four people.<\/p>\n","protected":false},"excerpt":{"rendered":"<p>Para mais informa\u00e7\u00f5es sobre o artigo\u00a0 (tamanhos, cores, disponibilidade, etc), por favor contacte-nos atrav\u00e9s do e-mail: info@petercafesport.com. Obrigada e bons ventos!<\/p>\n<p>&nbsp;<\/p>\n<p>For more information about the item (sizes, colors, availability, etc), please contact us at info@petercafesport.com. Thank you very much and fair winds!<\/p>\n","protected":false},"featured_media":9297,"template":"","meta":{"_acf_changed":false,"_themeisle_gutenberg_block_has_review":false},"product_brand":[],"product_cat":[77,76],"product_tag":[285,284,286,287],"class_list":{"0":"post-5517","1":"product","2":"type-product","3":"status-publish","4":"has-post-thumbnail","6":"product_cat-vestuario","7":"product_cat-linha-navegadores","8":"product_tag-beannie","9":"product_tag-la-resistance","10":"product_tag-lighthouse","11":"product_tag-peter","13":"first","14":"instock","15":"taxable","16":"shipping-taxable","17":"purchasable","18":"product-type-variable"},"acf":[],"yoast_head":"<!-- This site is optimized with the Yoast SEO plugin v26.5 - https:\/\/yoast.com\/wordpress\/plugins\/seo\/ -->\n<title>Gorro\/Beanie &quot;La R\u00e9sistance&quot; | Loja | Peter Cafe Sport<\/title>\n<meta name=\"robots\" content=\"index, follow, max-snippet:-1, max-image-preview:large, max-video-preview:-1\" \/>\n<link rel=\"canonical\" href=\"https:\/\/shop.petercafesport.com\/produto\/gorro-la-resistance\/\" \/>\n<meta property=\"og:locale\" content=\"en_US\" \/>\n<meta property=\"og:type\" content=\"article\" \/>\n<meta property=\"og:title\" content=\"Gorro\/Beanie &quot;La R\u00e9sistance&quot; | Loja | Peter Cafe Sport\" \/>\n<meta property=\"og:description\" content=\"Para mais informa\u00e7\u00f5es sobre o artigo\u00a0 (tamanhos, cores, disponibilidade, etc), por favor contacte-nos atrav\u00e9s do e-mail: info@petercafesport.com. Obrigada e bons ventos!  &nbsp;  For more information about the item (sizes, colors, availability, etc), please contact us at info@petercafesport.com. Thank you very much and fair winds!\" \/>\n<meta property=\"og:url\" content=\"https:\/\/shop.petercafesport.com\/produto\/gorro-la-resistance\/\" \/>\n<meta property=\"og:site_name\" content=\"Peter Caf\u00e9 Sport Loja\" \/>\n<meta property=\"article:publisher\" content=\"https:\/\/www.facebook.com\/petercafesport\/\" \/>\n<meta property=\"article:modified_time\" content=\"2026-04-27T17:27:49+00:00\" \/>\n<meta property=\"og:image\" content=\"https:\/\/shop.petercafesport.com\/wp-content\/uploads\/2022\/02\/gorro-Peter-2-724x1024.png\" \/>\n\t<meta property=\"og:image:width\" content=\"724\" \/>\n\t<meta property=\"og:image:height\" content=\"1024\" \/>\n\t<meta property=\"og:image:type\" content=\"image\/png\" \/>\n<meta name=\"twitter:card\" content=\"summary_large_image\" \/>\n<meta name=\"twitter:label1\" content=\"Est. reading time\" \/>\n\t<meta name=\"twitter:data1\" content=\"4 minutes\" \/>\n<script type=\"application\/ld+json\" class=\"yoast-schema-graph\">{\"@context\":\"https:\/\/schema.org\",\"@graph\":[{\"@type\":\"WebPage\",\"@id\":\"https:\/\/shop.petercafesport.com\/produto\/gorro-la-resistance\/\",\"url\":\"https:\/\/shop.petercafesport.com\/produto\/gorro-la-resistance\/\",\"name\":\"Gorro\/Beanie \\\"La R\u00e9sistance\\\" | Loja | Peter Cafe Sport\",\"isPartOf\":{\"@id\":\"https:\/\/shop.petercafesport.com\/#website\"},\"primaryImageOfPage\":{\"@id\":\"https:\/\/shop.petercafesport.com\/produto\/gorro-la-resistance\/#primaryimage\"},\"image\":{\"@id\":\"https:\/\/shop.petercafesport.com\/produto\/gorro-la-resistance\/#primaryimage\"},\"thumbnailUrl\":\"https:\/\/shop.petercafesport.com\/wp-content\/uploads\/2022\/02\/gorro-Peter-2.png\",\"datePublished\":\"2022-02-09T16:10:25+00:00\",\"dateModified\":\"2026-04-27T17:27:49+00:00\",\"breadcrumb\":{\"@id\":\"https:\/\/shop.petercafesport.com\/produto\/gorro-la-resistance\/#breadcrumb\"},\"inLanguage\":\"en-US\",\"potentialAction\":[{\"@type\":\"ReadAction\",\"target\":[\"https:\/\/shop.petercafesport.com\/produto\/gorro-la-resistance\/\"]}]},{\"@type\":\"ImageObject\",\"inLanguage\":\"en-US\",\"@id\":\"https:\/\/shop.petercafesport.com\/produto\/gorro-la-resistance\/#primaryimage\",\"url\":\"https:\/\/shop.petercafesport.com\/wp-content\/uploads\/2022\/02\/gorro-Peter-2.png\",\"contentUrl\":\"https:\/\/shop.petercafesport.com\/wp-content\/uploads\/2022\/02\/gorro-Peter-2.png\",\"width\":1414,\"height\":2000},{\"@type\":\"BreadcrumbList\",\"@id\":\"https:\/\/shop.petercafesport.com\/produto\/gorro-la-resistance\/#breadcrumb\",\"itemListElement\":[{\"@type\":\"ListItem\",\"position\":1,\"name\":\"Shop\",\"item\":\"https:\/\/shop.petercafesport.com\/en\/\"},{\"@type\":\"ListItem\",\"position\":2,\"name\":\"Gorro\/Beanie &#8220;La R\u00e9sistance&#8221;\"}]},{\"@type\":\"WebSite\",\"@id\":\"https:\/\/shop.petercafesport.com\/#website\",\"url\":\"https:\/\/shop.petercafesport.com\/\",\"name\":\"Peter Caf\u00e9 Sport Loja\",\"description\":\"Produtos do Peter Cafe Sport\",\"publisher\":{\"@id\":\"https:\/\/shop.petercafesport.com\/#organization\"},\"potentialAction\":[{\"@type\":\"SearchAction\",\"target\":{\"@type\":\"EntryPoint\",\"urlTemplate\":\"https:\/\/shop.petercafesport.com\/?s={search_term_string}\"},\"query-input\":{\"@type\":\"PropertyValueSpecification\",\"valueRequired\":true,\"valueName\":\"search_term_string\"}}],\"inLanguage\":\"en-US\"},{\"@type\":\"Organization\",\"@id\":\"https:\/\/shop.petercafesport.com\/#organization\",\"name\":\"Peter Cafe Sport\",\"url\":\"https:\/\/shop.petercafesport.com\/\",\"logo\":{\"@type\":\"ImageObject\",\"inLanguage\":\"en-US\",\"@id\":\"https:\/\/shop.petercafesport.com\/#\/schema\/logo\/image\/\",\"url\":\"https:\/\/shop.petercafesport.com\/wp-content\/uploads\/2020\/04\/peter-cafe-sport-porto-3.jpg\",\"contentUrl\":\"https:\/\/shop.petercafesport.com\/wp-content\/uploads\/2020\/04\/peter-cafe-sport-porto-3.jpg\",\"width\":765,\"height\":669,\"caption\":\"Peter Cafe Sport\"},\"image\":{\"@id\":\"https:\/\/shop.petercafesport.com\/#\/schema\/logo\/image\/\"},\"sameAs\":[\"https:\/\/www.facebook.com\/petercafesport\/\",\"https:\/\/www.instagram.com\/petercafesport\/\"]}]}<\/script>\n<!-- \/ Yoast SEO plugin. -->","yoast_head_json":{"title":"Gorro\/Beanie \"La R\u00e9sistance\" | Loja | Peter Cafe Sport","robots":{"index":"index","follow":"follow","max-snippet":"max-snippet:-1","max-image-preview":"max-image-preview:large","max-video-preview":"max-video-preview:-1"},"canonical":"https:\/\/shop.petercafesport.com\/produto\/gorro-la-resistance\/","og_locale":"en_US","og_type":"article","og_title":"Gorro\/Beanie \"La R\u00e9sistance\" | Loja | Peter Cafe Sport","og_description":"Para mais informa\u00e7\u00f5es sobre o artigo\u00a0 (tamanhos, cores, disponibilidade, etc), por favor contacte-nos atrav\u00e9s do e-mail: info@petercafesport.com. Obrigada e bons ventos!  &nbsp;  For more information about the item (sizes, colors, availability, etc), please contact us at info@petercafesport.com. Thank you very much and fair winds!","og_url":"https:\/\/shop.petercafesport.com\/produto\/gorro-la-resistance\/","og_site_name":"Peter Caf\u00e9 Sport Loja","article_publisher":"https:\/\/www.facebook.com\/petercafesport\/","article_modified_time":"2026-04-27T17:27:49+00:00","og_image":[{"width":724,"height":1024,"url":"https:\/\/shop.petercafesport.com\/wp-content\/uploads\/2022\/02\/gorro-Peter-2-724x1024.png","type":"image\/png"}],"twitter_card":"summary_large_image","twitter_misc":{"Est. reading time":"4 minutes"},"schema":{"@context":"https:\/\/schema.org","@graph":[{"@type":"WebPage","@id":"https:\/\/shop.petercafesport.com\/produto\/gorro-la-resistance\/","url":"https:\/\/shop.petercafesport.com\/produto\/gorro-la-resistance\/","name":"Gorro\/Beanie \"La R\u00e9sistance\" | Loja | Peter Cafe Sport","isPartOf":{"@id":"https:\/\/shop.petercafesport.com\/#website"},"primaryImageOfPage":{"@id":"https:\/\/shop.petercafesport.com\/produto\/gorro-la-resistance\/#primaryimage"},"image":{"@id":"https:\/\/shop.petercafesport.com\/produto\/gorro-la-resistance\/#primaryimage"},"thumbnailUrl":"https:\/\/shop.petercafesport.com\/wp-content\/uploads\/2022\/02\/gorro-Peter-2.png","datePublished":"2022-02-09T16:10:25+00:00","dateModified":"2026-04-27T17:27:49+00:00","breadcrumb":{"@id":"https:\/\/shop.petercafesport.com\/produto\/gorro-la-resistance\/#breadcrumb"},"inLanguage":"en-US","potentialAction":[{"@type":"ReadAction","target":["https:\/\/shop.petercafesport.com\/produto\/gorro-la-resistance\/"]}]},{"@type":"ImageObject","inLanguage":"en-US","@id":"https:\/\/shop.petercafesport.com\/produto\/gorro-la-resistance\/#primaryimage","url":"https:\/\/shop.petercafesport.com\/wp-content\/uploads\/2022\/02\/gorro-Peter-2.png","contentUrl":"https:\/\/shop.petercafesport.com\/wp-content\/uploads\/2022\/02\/gorro-Peter-2.png","width":1414,"height":2000},{"@type":"BreadcrumbList","@id":"https:\/\/shop.petercafesport.com\/produto\/gorro-la-resistance\/#breadcrumb","itemListElement":[{"@type":"ListItem","position":1,"name":"Shop","item":"https:\/\/shop.petercafesport.com\/en\/"},{"@type":"ListItem","position":2,"name":"Gorro\/Beanie &#8220;La R\u00e9sistance&#8221;"}]},{"@type":"WebSite","@id":"https:\/\/shop.petercafesport.com\/#website","url":"https:\/\/shop.petercafesport.com\/","name":"Peter Caf\u00e9 Sport Loja","description":"Produtos do Peter Cafe Sport","publisher":{"@id":"https:\/\/shop.petercafesport.com\/#organization"},"potentialAction":[{"@type":"SearchAction","target":{"@type":"EntryPoint","urlTemplate":"https:\/\/shop.petercafesport.com\/?s={search_term_string}"},"query-input":{"@type":"PropertyValueSpecification","valueRequired":true,"valueName":"search_term_string"}}],"inLanguage":"en-US"},{"@type":"Organization","@id":"https:\/\/shop.petercafesport.com\/#organization","name":"Peter Cafe Sport","url":"https:\/\/shop.petercafesport.com\/","logo":{"@type":"ImageObject","inLanguage":"en-US","@id":"https:\/\/shop.petercafesport.com\/#\/schema\/logo\/image\/","url":"https:\/\/shop.petercafesport.com\/wp-content\/uploads\/2020\/04\/peter-cafe-sport-porto-3.jpg","contentUrl":"https:\/\/shop.petercafesport.com\/wp-content\/uploads\/2020\/04\/peter-cafe-sport-porto-3.jpg","width":765,"height":669,"caption":"Peter Cafe Sport"},"image":{"@id":"https:\/\/shop.petercafesport.com\/#\/schema\/logo\/image\/"},"sameAs":["https:\/\/www.facebook.com\/petercafesport\/","https:\/\/www.instagram.com\/petercafesport\/"]}]}},"_links":{"self":[{"href":"https:\/\/shop.petercafesport.com\/en\/wp-json\/wp\/v2\/product\/5517","targetHints":{"allow":["GET"]}}],"collection":[{"href":"https:\/\/shop.petercafesport.com\/en\/wp-json\/wp\/v2\/product"}],"about":[{"href":"https:\/\/shop.petercafesport.com\/en\/wp-json\/wp\/v2\/types\/product"}],"wp:featuredmedia":[{"embeddable":true,"href":"https:\/\/shop.petercafesport.com\/en\/wp-json\/wp\/v2\/media\/9297"}],"wp:attachment":[{"href":"https:\/\/shop.petercafesport.com\/en\/wp-json\/wp\/v2\/media?parent=5517"}],"wp:term":[{"taxonomy":"product_brand","embeddable":true,"href":"https:\/\/shop.petercafesport.com\/en\/wp-json\/wp\/v2\/product_brand?post=5517"},{"taxonomy":"product_cat","embeddable":true,"href":"https:\/\/shop.petercafesport.com\/en\/wp-json\/wp\/v2\/product_cat?post=5517"},{"taxonomy":"product_tag","embeddable":true,"href":"https:\/\/shop.petercafesport.com\/en\/wp-json\/wp\/v2\/product_tag?post=5517"}],"curies":[{"name":"wp","href":"https:\/\/api.w.org\/{rel}","templated":true}]}}